{"id":2783,"date":"2024-06-10T17:17:43","date_gmt":"2024-06-10T17:17:43","guid":{"rendered":"https:\/\/iptv-canada.tv\/?post_type=product&#038;p=2783"},"modified":"2025-07-02T17:01:50","modified_gmt":"2025-07-02T17:01:50","slug":"iptv-quebec","status":"publish","type":"product","link":"https:\/\/iptv-canada.tv\/iptv-ontario\/product\/iptv-quebec\/","title":{"rendered":"IPTV Quebec FR ( 12 months )"},"content":{"rendered":"<p ><a href=\"https:\/\/iptv-canada.tv\">IPTV QUEBEC<\/a> 12 mois :<\/p>\n<ul>\n<li ><strong>Rabais temporaire de 70$ sur abonnement annuel<\/strong><\/li>\n<li >+ 5600 Cha\u00eenes ( Nationales et internationales)<\/li>\n<li >\u00a0Films et s\u00e9ries QUEBEC !<\/li>\n<li >\u00a0+ 28000 Films en VOD (National et international)<\/li>\n<li >\u00a0+ 4600 S\u00e9ries (Nationales et internationales)<\/li>\n<li >\u00a0SD \/ HD \/ FULL HD\/ UHD\/ 4K<\/li>\n<li >\u00a0Rattrapage<\/li>\n<li >\u00a0Compatibilit\u00e9 avec tous les appareils<\/li>\n<li ><strong>Toutes les langues et <a href=\"https:\/\/fr.wikipedia.org\/wiki\/Liste_des_pays_du_monde\">pays<\/a> (Europe, Nord am\u00e9rique, Afrique incluant maghreb\u2026)<\/strong><\/li>\n<\/ul>\n<div id=\"text_block-11-174\" class=\"ct-text-block\">\n<div class=\"elementor-element elementor-element-ce9006c elementor-widget elementor-widget-heading\" data-id=\"ce9006c\" data-element_type=\"widget\" data-widget_type=\"heading.default\">\n<div class=\"elementor-widget-container\">\n<h2 class=\"elementor-heading-title elementor-size-default\">Avantages d&#8217;IPTV Qu\u00e9bec<\/h2>\n<\/div>\n<\/div>\n<div class=\"elementor-element elementor-element-acf8dfd elementor-widget elementor-widget-text-editor\" data-id=\"acf8dfd\" data-element_type=\"widget\" data-widget_type=\"text-editor.default\">\n<div class=\"elementor-widget-container\">\n<p ><b>L\u2019<a href=\"https:\/\/iptv-canada.tv\/\">IPTV Quebec<\/a>\u00a0HD\u00a0<\/b>offre plusieurs avantages au Qu\u00e9bec, tout comme partout ailleurs. L\u2019IPTV est une technologie de diffusion de contenu t\u00e9l\u00e9visuel et vid\u00e9o via Internet, offrant une alternative aux m\u00e9thodes traditionnelles de diffusion par c\u00e2ble ou satellite.<\/p>\n<p >Voici quelques avantages sp\u00e9cifiques \u00e0 l\u2019IPTV au Qu\u00e9bec :<\/p>\n<p >Large<b>\u00a0choix de cha\u00eenes :<\/b>\u00a0Les\u00a0<b>services IPTV<\/b>\u00a0offrent souvent une gamme \u00e9tendue de cha\u00eenes provenant du Qu\u00e9bec, du Canada et du monde entier. Cela permet aux r\u00e9sidents du Qu\u00e9bec d\u2019acc\u00e9der \u00e0 un contenu diversifi\u00e9 et international.<\/p>\n<p >F<b>lexibilit\u00e9 de visionnage :\u00a0<\/b>Avec l\u2019IPTV HD, les t\u00e9l\u00e9spectateurs peuvent choisir ce qu\u2019ils veulent regarder et quand le regarder. Les\u00a0<a href=\"https:\/\/iptv-canada.tv\/store\/\">services IPTV<\/a>\u00a0proposent g\u00e9n\u00e9ralement des fonctionnalit\u00e9s de pause, de rembobinage et de reprise en direct, offrant ainsi une flexibilit\u00e9 maximale.<\/p>\n<p ><b>Qualit\u00e9 d\u2019image :<\/b>\u00a0L\u2019IPTV Quebec peut offrir des r\u00e9solutions d\u2019image \u00e9lev\u00e9es, notamment la HD (haute d\u00e9finition) et m\u00eame la 4K dans certains cas, offrant ainsi une exp\u00e9rience visuelle de haute qualit\u00e9.<\/p>\n<p ><b>Compatibilit\u00e9 multiplateforme :\u00a0<\/b>Nos services <a href=\"https:\/\/iptv-quebec.shop\">IPTV Quebec<\/a> sont accessibles sur une vari\u00e9t\u00e9 de dispositifs, tels que les t\u00e9l\u00e9viseurs intelligents, les ordinateurs, les smartphones, les tablettes, etc. Cela permet aux r\u00e9sidents du Qu\u00e9bec de regarder leurs \u00e9missions pr\u00e9f\u00e9r\u00e9es o\u00f9 qu\u2019ils soient.<\/p>\n<\/div>\n<\/div>\n<h2 class=\"wp-block-heading\"><\/h2>\n<\/div>\n<div id=\"main-content\" class=\"site-content\">\n<div class=\"container\">\n<div class=\"row\">\n<div id=\"primary\" class=\"content-area col-md-12\">\n<article id=\"post-1075\" class=\"post-1075 page type-page status-publish hentry\">\n<div class=\"entry-content\">\n<div class=\"elementor elementor-1075\" data-elementor-type=\"wp-page\" data-elementor-id=\"1075\">\n<section class=\"elementor-section elementor-top-section elementor-element elementor-element-01aff61 elementor-section-boxed elementor-section-height-default elementor-section-height-default\" data-id=\"01aff61\" data-element_type=\"section\">\n<div class=\"elementor-container elementor-column-gap-default\">\n<div class=\"elementor-column elementor-col-100 elementor-top-column elementor-element elementor-element-d695d4d\" data-id=\"d695d4d\" data-element_type=\"column\">\n<div class=\"elementor-widget-wrap elementor-element-populated\">\n<div class=\"elementor-element elementor-element-acf8dfd elementor-widget elementor-widget-text-editor\" data-id=\"acf8dfd\" data-element_type=\"widget\" data-widget_type=\"text-editor.default\">\n<div class=\"elementor-widget-container\">\n<h2 >Nos abonnements IPTV sont compatibles avec<\/h2>\n<h2 >&#8211;<u><a href=\"https:\/\/iptv-canada.tv\/mytvonline-2\/\">Box Formuler<\/a><\/u><\/h2>\n<h2 >&#8211;<a href=\"https:\/\/iptv-canada.tv\/ibo-player\/\"><u>Smart TV<\/u><\/a><\/h2>\n<h2 >&#8211;<u><a href=\"https:\/\/iptv-canada.tv\/tivimate-android-box-android-tv\/\">Android Box<\/a><\/u><\/h2>\n<h2 >&#8211;<a href=\"https:\/\/iptv-canada.tv\/application-apple\/\"><u>mobile<\/u><\/a><\/h2>\n<h2 >&#8211;<u><a href=\"https:\/\/iptv-canada.tv\/application-apple\/\">tablette<\/a><\/u><\/h2>\n<h2 >&#8211;<u><a href=\"https:\/\/iptv-canada.tv\/tivimate-firestick-firetv\/\">Firestick\/FireTV<\/a><\/u><\/h2>\n<h2><\/h2>\n<\/div>\n<\/div>\n<\/div>\n<\/div>\n<\/div>\n<\/section>\n<\/div>\n<\/div>\n<\/article>\n<\/div>\n<\/div>\n<\/div>\n<\/div>\n<footer id=\"footer\" class=\"site-footer\">\n<div class=\"footer-subscribe simple-form shape-round\">\n<div class=\"container\">\n<div class=\"row subscribe-wrap\">\n<div class=\"col-12 col-md-6\"><\/div>\n<\/div>\n<\/div>\n<\/div>\n<\/footer>\n","protected":false},"excerpt":{"rendered":"<p class=\"ai-optimize-57\"><strong>IPTV Quebec HD (<a class=\"yoast-text-mark\" href=\"&quot;iptv-canada.tv&lt;\/a\">), Le meilleur service<\/a><a href=\"https:\/\/iptv-canada.tv\"> IPTV Quebec HD<\/a><a class=\"yoast-text-mark\" href=\"&quot;iptv-canada.tv&lt;\/a\"> pour tous les go\u00fbts.\u00a0 +5 600 cha\u00eenes (locales, nationales, internationales, toutes les langues) SD, HD, Ful HD jusqu\u2019\u00e0 4K\u00b7<\/a><\/strong><\/p>\n<p class=\"ai-optimize-58\"><strong> Plus de 28 000 VODs Films (Vid\u00e9o \u00e0 la demande) et +4 600 S\u00e9ries\u00b7 Livraison et acc\u00e8s rapide, support <\/strong><strong>7\/7<\/strong><b>. \u00c9conomisez plus de 1200$\/an sur votre TV traditionnelle en obtenant plus.<\/b><\/p>\n","protected":false},"featured_media":2706,"comment_status":"open","ping_status":"closed","template":"","meta":{"site-sidebar-layout":"default","site-content-layout":"","ast-site-content-layout":"default","site-content-style":"default","site-sidebar-style":"default","ast-global-header-display":"","ast-banner-title-visibility":"","ast-main-header-display":"","ast-hfb-above-header-display":"","ast-hfb-below-header-display":"","ast-hfb-mobile-header-display":"","site-post-title":"","ast-breadcrumbs-content":"","ast-featured-img":"","footer-sml-layout":"","ast-disable-related-posts":"","theme-transparent-header-meta":"default","adv-header-id-meta":"","stick-header-meta":"","header-above-stick-meta":"","header-main-stick-meta":"","header-below-stick-meta":"","astra-migrate-meta-layouts":"set","ast-page-background-enabled":"default","ast-page-background-meta":{"desktop":{"background-color":"var(--ast-global-color-4)","background-image":"","background-repeat":"repeat","background-position":"center center","background-size":"auto","background-attachment":"scroll","background-type":"","background-media":"","overlay-type":"","overlay-color":"","overlay-opacity":"","overlay-gradient":""},"tablet":{"background-color":"","background-image":"","background-repeat":"repeat","background-position":"center center","background-size":"auto","background-attachment":"scroll","background-type":"","background-media":"","overlay-type":"","overlay-color":"","overlay-opacity":"","overlay-gradient":""},"mobile":{"background-color":"","background-image":"","background-repeat":"repeat","background-position":"center center","background-size":"auto","background-attachment":"scroll","background-type":"","background-media":"","overlay-type":"","overlay-color":"","overlay-opacity":"","overlay-gradient":""}},"ast-content-background-meta":{"desktop":{"background-color":"var(--ast-global-color-5)","background-image":"","background-repeat":"repeat","background-position":"center center","background-size":"auto","background-attachment":"scroll","background-type":"","background-media":"","overlay-type":"","overlay-color":"","overlay-opacity":"","overlay-gradient":""},"tablet":{"background-color":"var(--ast-global-color-5)","background-image":"","background-repeat":"repeat","background-position":"center center","background-size":"auto","background-attachment":"scroll","background-type":"","background-media":"","overlay-type":"","overlay-color":"","overlay-opacity":"","overlay-gradient":""},"mobile":{"background-color":"var(--ast-global-color-5)","background-image":"","background-repeat":"repeat","background-position":"center center","background-size":"auto","background-attachment":"scroll","background-type":"","background-media":"","overlay-type":"","overlay-color":"","overlay-opacity":"","overlay-gradient":""}}},"product_brand":[36],"product_cat":[32],"product_tag":[],"class_list":{"0":"post-2783","1":"product","2":"type-product","3":"status-publish","4":"has-post-thumbnail","6":"product_brand-iptv-quebec","7":"product_cat-iptv-quebec","8":"desktop-align-left","9":"tablet-align-left","10":"mobile-align-left","12":"first","13":"instock","14":"sale","15":"virtual","16":"purchasable","17":"product-type-simple"},"yoast_head":"<!-- This site is optimized with the Yoast SEO Premium plugin v26.2 (Yoast SEO v27.4) - https:\/\/yoast.com\/product\/yoast-seo-premium-wordpress\/ -->\n<title>IPTV Quebec | Rabais temporaire de 70$ sur abonnement annuel<\/title>\n<meta name=\"description\" content=\"IPTV QUEBEC, \u00e0 partir de 9$. Cha\u00eenes IPTV pour tous les go\u00fbts. +35 000 cha\u00eenes, en 4K et Full HD \u00b7 +90 000 VODs Films et S\u00e9ries ! cha\u00eenes du canada et ...\" \/>\n<meta name=\"robots\" content=\"index, follow, max-snippet:-1, max-image-preview:large, max-video-preview:-1\" \/>\n<link rel=\"canonical\" href=\"https:\/\/iptv-canada.tv\/iptv-ontario\/product\/iptv-quebec\/\" \/>\n<meta property=\"og:locale\" content=\"en_US\" \/>\n<meta property=\"og:type\" content=\"article\" \/>\n<meta property=\"og:title\" content=\"IPTV Quebec FR ( 12 months )\" \/>\n<meta property=\"og:description\" content=\"IPTV QUEBEC, \u00e0 partir de 9$. Cha\u00eenes IPTV pour tous les go\u00fbts. +35 000 cha\u00eenes, en 4K et Full HD \u00b7 +90 000 VODs Films et S\u00e9ries ! cha\u00eenes du canada et ...\" \/>\n<meta property=\"og:url\" content=\"https:\/\/iptv-canada.tv\/iptv-ontario\/product\/iptv-quebec\/\" \/>\n<meta property=\"og:site_name\" content=\"IPTV Ontario | Best subscription IPTV in Ontario\" \/>\n<meta property=\"article:modified_time\" content=\"2025-07-02T17:01:50+00:00\" \/>\n<meta property=\"og:image\" content=\"https:\/\/iptv-canada.tv\/wp-content\/uploads\/2024\/05\/51B347B9-067A-4DE4-81B6-A6F97C0823E5-1.webp\" \/>\n\t<meta property=\"og:image:width\" content=\"1024\" \/>\n\t<meta property=\"og:image:height\" content=\"1024\" \/>\n\t<meta property=\"og:image:type\" content=\"image\/webp\" \/>\n<meta name=\"twitter:card\" content=\"summary_large_image\" \/>\n<meta name=\"twitter:label1\" content=\"Est. reading time\" \/>\n\t<meta name=\"twitter:data1\" content=\"2 minutes\" \/>\n<script type=\"application\/ld+json\" class=\"yoast-schema-graph\">{\"@context\":\"https:\\\/\\\/schema.org\",\"@graph\":[{\"@type\":\"WebPage\",\"@id\":\"https:\\\/\\\/iptv-canada.tv\\\/iptv-ontario\\\/product\\\/iptv-quebec\\\/\",\"url\":\"https:\\\/\\\/iptv-canada.tv\\\/iptv-ontario\\\/product\\\/iptv-quebec\\\/\",\"name\":\"IPTV Quebec | Rabais temporaire de 70$ sur abonnement annuel\",\"isPartOf\":{\"@id\":\"https:\\\/\\\/iptv-canada.tv\\\/iptv-ontario\\\/#website\"},\"primaryImageOfPage\":{\"@id\":\"https:\\\/\\\/iptv-canada.tv\\\/iptv-ontario\\\/product\\\/iptv-quebec\\\/#primaryimage\"},\"image\":{\"@id\":\"https:\\\/\\\/iptv-canada.tv\\\/iptv-ontario\\\/product\\\/iptv-quebec\\\/#primaryimage\"},\"thumbnailUrl\":\"https:\\\/\\\/iptv-canada.tv\\\/wp-content\\\/uploads\\\/2024\\\/05\\\/51B347B9-067A-4DE4-81B6-A6F97C0823E5-1.webp\",\"datePublished\":\"2024-06-10T17:17:43+00:00\",\"dateModified\":\"2025-07-02T17:01:50+00:00\",\"description\":\"IPTV QUEBEC, \u00e0 partir de 9$. Cha\u00eenes IPTV pour tous les go\u00fbts. +35 000 cha\u00eenes, en 4K et Full HD \u00b7 +90 000 VODs Films et S\u00e9ries ! cha\u00eenes du canada et ...\",\"breadcrumb\":{\"@id\":\"https:\\\/\\\/iptv-canada.tv\\\/iptv-ontario\\\/product\\\/iptv-quebec\\\/#breadcrumb\"},\"inLanguage\":\"en-US\",\"potentialAction\":[{\"@type\":\"ReadAction\",\"target\":[\"https:\\\/\\\/iptv-canada.tv\\\/iptv-ontario\\\/product\\\/iptv-quebec\\\/\"]}]},{\"@type\":\"ImageObject\",\"inLanguage\":\"en-US\",\"@id\":\"https:\\\/\\\/iptv-canada.tv\\\/iptv-ontario\\\/product\\\/iptv-quebec\\\/#primaryimage\",\"url\":\"https:\\\/\\\/iptv-canada.tv\\\/wp-content\\\/uploads\\\/2024\\\/05\\\/51B347B9-067A-4DE4-81B6-A6F97C0823E5-1.webp\",\"contentUrl\":\"https:\\\/\\\/iptv-canada.tv\\\/wp-content\\\/uploads\\\/2024\\\/05\\\/51B347B9-067A-4DE4-81B6-A6F97C0823E5-1.webp\",\"width\":1024,\"height\":1024,\"caption\":\"iptv canadian\"},{\"@type\":\"BreadcrumbList\",\"@id\":\"https:\\\/\\\/iptv-canada.tv\\\/iptv-ontario\\\/product\\\/iptv-quebec\\\/#breadcrumb\",\"itemListElement\":[{\"@type\":\"ListItem\",\"position\":1,\"name\":\"Home\",\"item\":\"https:\\\/\\\/iptv-canada.tv\\\/iptv-ontario\\\/\"},{\"@type\":\"ListItem\",\"position\":2,\"name\":\"Products\",\"item\":\"https:\\\/\\\/iptv-canada.tv\\\/iptv-ontario\\\/shop\\\/\"},{\"@type\":\"ListItem\",\"position\":3,\"name\":\"IPTV Quebec FR ( 12 months )\"}]},{\"@type\":\"WebSite\",\"@id\":\"https:\\\/\\\/iptv-canada.tv\\\/iptv-ontario\\\/#website\",\"url\":\"https:\\\/\\\/iptv-canada.tv\\\/iptv-ontario\\\/\",\"name\":\"IPTV Ontario | Best iptv in Ontario\",\"description\":\"IPTV Ontario | Best iptv in Ontario\",\"publisher\":{\"@id\":\"https:\\\/\\\/iptv-canada.tv\\\/iptv-ontario\\\/#organization\"},\"alternateName\":\"IPTV Ontario | Best iptv in Ontario\",\"potentialAction\":[{\"@type\":\"SearchAction\",\"target\":{\"@type\":\"EntryPoint\",\"urlTemplate\":\"https:\\\/\\\/iptv-canada.tv\\\/iptv-ontario\\\/?s={search_term_string}\"},\"query-input\":{\"@type\":\"PropertyValueSpecification\",\"valueRequired\":true,\"valueName\":\"search_term_string\"}}],\"inLanguage\":\"en-US\"},{\"@type\":\"Organization\",\"@id\":\"https:\\\/\\\/iptv-canada.tv\\\/iptv-ontario\\\/#organization\",\"name\":\"IPTV Ontario | Best iptv in Ontario\",\"alternateName\":\"IPTV Ontario\",\"url\":\"https:\\\/\\\/iptv-canada.tv\\\/iptv-ontario\\\/\",\"logo\":{\"@type\":\"ImageObject\",\"inLanguage\":\"en-US\",\"@id\":\"https:\\\/\\\/iptv-canada.tv\\\/iptv-ontario\\\/#\\\/schema\\\/logo\\\/image\\\/\",\"url\":\"https:\\\/\\\/iptv-canada.tv\\\/wp-content\\\/uploads\\\/2024\\\/02\\\/iptv-canada-tv-1.webp\",\"contentUrl\":\"https:\\\/\\\/iptv-canada.tv\\\/wp-content\\\/uploads\\\/2024\\\/02\\\/iptv-canada-tv-1.webp\",\"width\":1024,\"height\":775,\"caption\":\"IPTV Ontario | Best iptv in Ontario\"},\"image\":{\"@id\":\"https:\\\/\\\/iptv-canada.tv\\\/iptv-ontario\\\/#\\\/schema\\\/logo\\\/image\\\/\"}}]}<\/script>\n<!-- \/ Yoast SEO Premium plugin. -->","yoast_head_json":{"title":"IPTV Quebec | Rabais temporaire de 70$ sur abonnement annuel","description":"IPTV QUEBEC, \u00e0 partir de 9$. Cha\u00eenes IPTV pour tous les go\u00fbts. +35 000 cha\u00eenes, en 4K et Full HD \u00b7 +90 000 VODs Films et S\u00e9ries ! cha\u00eenes du canada et ...","robots":{"index":"index","follow":"follow","max-snippet":"max-snippet:-1","max-image-preview":"max-image-preview:large","max-video-preview":"max-video-preview:-1"},"canonical":"https:\/\/iptv-canada.tv\/iptv-ontario\/product\/iptv-quebec\/","og_locale":"en_US","og_type":"article","og_title":"IPTV Quebec FR ( 12 months )","og_description":"IPTV QUEBEC, \u00e0 partir de 9$. Cha\u00eenes IPTV pour tous les go\u00fbts. +35 000 cha\u00eenes, en 4K et Full HD \u00b7 +90 000 VODs Films et S\u00e9ries ! cha\u00eenes du canada et ...","og_url":"https:\/\/iptv-canada.tv\/iptv-ontario\/product\/iptv-quebec\/","og_site_name":"IPTV Ontario | Best subscription IPTV in Ontario","article_modified_time":"2025-07-02T17:01:50+00:00","og_image":[{"width":1024,"height":1024,"url":"https:\/\/iptv-canada.tv\/wp-content\/uploads\/2024\/05\/51B347B9-067A-4DE4-81B6-A6F97C0823E5-1.webp","type":"image\/webp"}],"twitter_card":"summary_large_image","twitter_misc":{"Est. reading time":"2 minutes"},"schema":{"@context":"https:\/\/schema.org","@graph":[{"@type":"WebPage","@id":"https:\/\/iptv-canada.tv\/iptv-ontario\/product\/iptv-quebec\/","url":"https:\/\/iptv-canada.tv\/iptv-ontario\/product\/iptv-quebec\/","name":"IPTV Quebec | Rabais temporaire de 70$ sur abonnement annuel","isPartOf":{"@id":"https:\/\/iptv-canada.tv\/iptv-ontario\/#website"},"primaryImageOfPage":{"@id":"https:\/\/iptv-canada.tv\/iptv-ontario\/product\/iptv-quebec\/#primaryimage"},"image":{"@id":"https:\/\/iptv-canada.tv\/iptv-ontario\/product\/iptv-quebec\/#primaryimage"},"thumbnailUrl":"https:\/\/iptv-canada.tv\/wp-content\/uploads\/2024\/05\/51B347B9-067A-4DE4-81B6-A6F97C0823E5-1.webp","datePublished":"2024-06-10T17:17:43+00:00","dateModified":"2025-07-02T17:01:50+00:00","description":"IPTV QUEBEC, \u00e0 partir de 9$. Cha\u00eenes IPTV pour tous les go\u00fbts. +35 000 cha\u00eenes, en 4K et Full HD \u00b7 +90 000 VODs Films et S\u00e9ries ! cha\u00eenes du canada et ...","breadcrumb":{"@id":"https:\/\/iptv-canada.tv\/iptv-ontario\/product\/iptv-quebec\/#breadcrumb"},"inLanguage":"en-US","potentialAction":[{"@type":"ReadAction","target":["https:\/\/iptv-canada.tv\/iptv-ontario\/product\/iptv-quebec\/"]}]},{"@type":"ImageObject","inLanguage":"en-US","@id":"https:\/\/iptv-canada.tv\/iptv-ontario\/product\/iptv-quebec\/#primaryimage","url":"https:\/\/iptv-canada.tv\/wp-content\/uploads\/2024\/05\/51B347B9-067A-4DE4-81B6-A6F97C0823E5-1.webp","contentUrl":"https:\/\/iptv-canada.tv\/wp-content\/uploads\/2024\/05\/51B347B9-067A-4DE4-81B6-A6F97C0823E5-1.webp","width":1024,"height":1024,"caption":"iptv canadian"},{"@type":"BreadcrumbList","@id":"https:\/\/iptv-canada.tv\/iptv-ontario\/product\/iptv-quebec\/#breadcrumb","itemListElement":[{"@type":"ListItem","position":1,"name":"Home","item":"https:\/\/iptv-canada.tv\/iptv-ontario\/"},{"@type":"ListItem","position":2,"name":"Products","item":"https:\/\/iptv-canada.tv\/iptv-ontario\/shop\/"},{"@type":"ListItem","position":3,"name":"IPTV Quebec FR ( 12 months )"}]},{"@type":"WebSite","@id":"https:\/\/iptv-canada.tv\/iptv-ontario\/#website","url":"https:\/\/iptv-canada.tv\/iptv-ontario\/","name":"IPTV Ontario | Best iptv in Ontario","description":"IPTV Ontario | Best iptv in Ontario","publisher":{"@id":"https:\/\/iptv-canada.tv\/iptv-ontario\/#organization"},"alternateName":"IPTV Ontario | Best iptv in Ontario","potentialAction":[{"@type":"SearchAction","target":{"@type":"EntryPoint","urlTemplate":"https:\/\/iptv-canada.tv\/iptv-ontario\/?s={search_term_string}"},"query-input":{"@type":"PropertyValueSpecification","valueRequired":true,"valueName":"search_term_string"}}],"inLanguage":"en-US"},{"@type":"Organization","@id":"https:\/\/iptv-canada.tv\/iptv-ontario\/#organization","name":"IPTV Ontario | Best iptv in Ontario","alternateName":"IPTV Ontario","url":"https:\/\/iptv-canada.tv\/iptv-ontario\/","logo":{"@type":"ImageObject","inLanguage":"en-US","@id":"https:\/\/iptv-canada.tv\/iptv-ontario\/#\/schema\/logo\/image\/","url":"https:\/\/iptv-canada.tv\/wp-content\/uploads\/2024\/02\/iptv-canada-tv-1.webp","contentUrl":"https:\/\/iptv-canada.tv\/wp-content\/uploads\/2024\/02\/iptv-canada-tv-1.webp","width":1024,"height":775,"caption":"IPTV Ontario | Best iptv in Ontario"},"image":{"@id":"https:\/\/iptv-canada.tv\/iptv-ontario\/#\/schema\/logo\/image\/"}}]}},"jetpack_sharing_enabled":true,"_links":{"self":[{"href":"https:\/\/iptv-canada.tv\/iptv-ontario\/wp-json\/wp\/v2\/product\/2783","targetHints":{"allow":["GET"]}}],"collection":[{"href":"https:\/\/iptv-canada.tv\/iptv-ontario\/wp-json\/wp\/v2\/product"}],"about":[{"href":"https:\/\/iptv-canada.tv\/iptv-ontario\/wp-json\/wp\/v2\/types\/product"}],"replies":[{"embeddable":true,"href":"https:\/\/iptv-canada.tv\/iptv-ontario\/wp-json\/wp\/v2\/comments?post=2783"}],"version-history":[{"count":0,"href":"https:\/\/iptv-canada.tv\/iptv-ontario\/wp-json\/wp\/v2\/product\/2783\/revisions"}],"wp:featuredmedia":[{"embeddable":true,"href":"https:\/\/iptv-canada.tv\/iptv-ontario\/wp-json\/wp\/v2\/media\/2706"}],"wp:attachment":[{"href":"https:\/\/iptv-canada.tv\/iptv-ontario\/wp-json\/wp\/v2\/media?parent=2783"}],"wp:term":[{"taxonomy":"product_brand","embeddable":true,"href":"https:\/\/iptv-canada.tv\/iptv-ontario\/wp-json\/wp\/v2\/product_brand?post=2783"},{"taxonomy":"product_cat","embeddable":true,"href":"https:\/\/iptv-canada.tv\/iptv-ontario\/wp-json\/wp\/v2\/product_cat?post=2783"},{"taxonomy":"product_tag","embeddable":true,"href":"https:\/\/iptv-canada.tv\/iptv-ontario\/wp-json\/wp\/v2\/product_tag?post=2783"}],"curies":[{"name":"wp","href":"https:\/\/api.w.org\/{rel}","templated":true}]}}